{"id":7,"date":"2019-12-16T10:37:31","date_gmt":"2019-12-16T09:37:31","guid":{"rendered":"http:\/\/giskovcycles.be\/?page_id=7"},"modified":"2026-02-27T19:00:17","modified_gmt":"2026-02-27T18:00:17","slug":"home","status":"publish","type":"page","link":"https:\/\/giskovcycles.be\/","title":{"rendered":"Home"},"content":{"rendered":"<p>Artisan, m\u00e9canicien cycles ind\u00e9pendant. Je r\u00e9pare et entretien tous types de v\u00e9los.<\/p>\n<p>Vente de v\u00e9los Douze-Cycles, Bombtrack, Bemoov et Kona.<\/p>\n<p>Je s\u00e9lectionne pour vous les meilleurs composants et j&rsquo;offre un service tr\u00e8s personnalis\u00e9.<\/p>\n","protected":false},"excerpt":{"rendered":"<p>Artisan, m\u00e9canicien cycles ind\u00e9pendant. Je r\u00e9pare et entretien tous types de v\u00e9los. Vente de v\u00e9los Douze-Cycles, Bombtrack, Bemoov et Kona. Je s\u00e9lectionne pour vous les meilleurs composants et j&rsquo;offre un service tr\u00e8s personnalis\u00e9.<\/p>\n","protected":false},"author":1,"featured_media":0,"parent":0,"menu_order":0,"comment_status":"closed","ping_status":"closed","template":"","meta":[],"_links":{"self":[{"href":"https:\/\/giskovcycles.be\/index.php?rest_route=\/wp\/v2\/pages\/7"}],"collection":[{"href":"https:\/\/giskovcycles.be\/index.php?rest_route=\/wp\/v2\/pages"}],"about":[{"href":"https:\/\/giskovcycles.be\/index.php?rest_route=\/wp\/v2\/types\/page"}],"author":[{"embeddable":true,"href":"https:\/\/giskovcycles.be\/index.php?rest_route=\/wp\/v2\/users\/1"}],"replies":[{"embeddable":true,"href":"https:\/\/giskovcycles.be\/index.php?rest_route=%2Fwp%2Fv2%2Fcomments&post=7"}],"version-history":[{"count":3,"href":"https:\/\/giskovcycles.be\/index.php?rest_route=\/wp\/v2\/pages\/7\/revisions"}],"predecessor-version":[{"id":92,"href":"https:\/\/giskovcycles.be\/index.php?rest_route=\/wp\/v2\/pages\/7\/revisions\/92"}],"wp:attachment":[{"href":"https:\/\/giskovcycles.be\/index.php?rest_route=%2Fwp%2Fv2%2Fmedia&parent=7"}],"curies":[{"name":"wp","href":"https:\/\/api.w.org\/{rel}","templated":true}]}}